{"id":4490,"date":"2025-06-04T15:37:51","date_gmt":"2025-06-04T12:37:51","guid":{"rendered":"http:\/\/www.marinser.com\/?page_id=4490"},"modified":"2025-06-04T18:36:54","modified_gmt":"2025-06-04T15:36:54","slug":"tekne-su-tesisati","status":"publish","type":"page","link":"https:\/\/www.marinser.com\/?page_id=4490","title":{"rendered":"Tuvalet Tatl\u0131 ve Pis Su Sistemleri"},"content":{"rendered":"\t\t<div data-elementor-type=\"wp-page\" data-elementor-id=\"4490\" class=\"elementor elementor-4490\">\n\t\t\t\t\t\t<section class=\"elementor-section elementor-top-section elementor-element elementor-element-be2ed4a elementor-section-full_width elementor-section-height-default elementor-section-height-default\" data-id=\"be2ed4a\" data-element_type=\"section\">\n\t\t\t\t\t\t<div class=\"elementor-container elementor-column-gap-no\">\n\t\t\t\t\t<div class=\"elementor-column elementor-col-100 elementor-top-column elementor-element elementor-element-fdb95ef\" data-id=\"fdb95ef\" data-element_type=\"column\">\n\t\t\t<div class=\"elementor-widget-wrap elementor-element-populated\">\n\t\t\t\t\t\t<div class=\"elementor-element elementor-element-af29231 elementor-widget elementor-widget-partdo-page-banner\" data-id=\"af29231\" data-element_type=\"widget\" data-widget_type=\"partdo-page-banner.default\">\n\t\t\t\t<div class=\"elementor-widget-container\">\n\t\t\t\t\t<div class=\"entry-page-header\"><div class=\"container\"><div class=\"page-header-content\"><h1 class=\"entry-title\">Yat ve Tekne Su Tesisat\u0131 Servisi<\/h1><div class=\"entry-description\"> <p>Fethiye, G\u00f6cek, Marmaris ve \u00e7evresindeki marinalarda, tekne su tesisat\u0131 i\u00e7in ar\u0131za onar\u0131m\u0131, yedek par\u00e7a de\u011fi\u015fimi ve tesisat bak\u0131m\u0131 hizmeti sunuyoruz.<\/p><\/div><\/div><\/div><div class=\"entry-image\"> <img decoding=\"async\" src=\"https:\/\/www.marinser.com\/wp-content\/plugins\/partdo-core\/elementor\/images\/image-01.jpg\"><\/div><\/div>\t\t\t\t<\/div>\n\t\t\t\t<\/div>\n\t\t\t\t\t<\/div>\n\t\t<\/div>\n\t\t\t\t\t<\/div>\n\t\t<\/section>\n\t\t\t\t<section class=\"elementor-section elementor-top-section elementor-element elementor-element-7b0e655 elementor-section-boxed elementor-section-height-default elementor-section-height-default\" data-id=\"7b0e655\" data-element_type=\"section\">\n\t\t\t\t\t\t<div class=\"elementor-container elementor-column-gap-extended\">\n\t\t\t\t\t<div class=\"elementor-column elementor-col-100 elementor-top-column elementor-element elementor-element-6aaf18b white-box\" data-id=\"6aaf18b\" data-element_type=\"column\">\n\t\t\t<div class=\"elementor-widget-wrap elementor-element-populated\">\n\t\t\t\t\t\t<div class=\"elementor-element elementor-element-b67e798 elementor-widget elementor-widget-heading\" data-id=\"b67e798\" data-element_type=\"widget\" data-widget_type=\"heading.default\">\n\t\t\t\t<div class=\"elementor-widget-container\">\n\t\t\t\t\t<p class=\"elementor-heading-title elementor-size-default\">Tekne ve yatlarda kullan\u0131lan tuvalet, tatl\u0131 su ve pis su sistemleri, konforlu ve sa\u011fl\u0131kl\u0131 bir ya\u015fam alan\u0131 i\u00e7in kritik \u00f6neme sahiptir. Bu sistemlerin d\u00fczg\u00fcn \u00e7al\u0131\u015fmamas\u0131, hem hijyen sorunlar\u0131na hem de istenmeyen koku ve s\u0131v\u0131 s\u0131z\u0131nt\u0131lar\u0131na yol a\u00e7abilir. Marin ortamlarda s\u00fcrekli \u00e7al\u0131\u015fan bu sistemler, deniz suyu, nem, kire\u00e7lenme ve bas\u0131n\u00e7 nedeniyle zamanla y\u0131pran\u0131r ve bak\u0131m gerektirir.\n\nMarinser, Fethiye merkezli teknik kadrosuyla G\u00f6cek, Marmaris ve \u00e7evresinde tekne ve yatlar\u0131n s\u0131hhi su tesisatlar\u0131n\u0131n onar\u0131m\u0131n\u0131, bak\u0131m\u0131n\u0131 ve par\u00e7a de\u011fi\u015fimini uzmanl\u0131kla ger\u00e7ekle\u015ftirir.<\/p>\t\t\t\t<\/div>\n\t\t\t\t<\/div>\n\t\t\t\t\t<\/div>\n\t\t<\/div>\n\t\t\t\t\t<\/div>\n\t\t<\/section>\n\t\t\t\t<section class=\"elementor-section elementor-top-section elementor-element elementor-element-61b43c6 elementor-section-boxed elementor-section-height-default elementor-section-height-default\" data-id=\"61b43c6\" data-element_type=\"section\">\n\t\t\t\t\t\t<div class=\"elementor-container elementor-column-gap-extended\">\n\t\t\t\t\t<div class=\"elementor-column elementor-col-50 elementor-top-column elementor-element elementor-element-e3813fc\" data-id=\"e3813fc\" data-element_type=\"column\">\n\t\t\t<div class=\"elementor-widget-wrap elementor-element-populated\">\n\t\t\t\t\t\t<div class=\"elementor-element elementor-element-49728fb elementor-widget elementor-widget-image\" data-id=\"49728fb\" data-element_type=\"widget\" data-widget_type=\"image.default\">\n\t\t\t\t<div class=\"elementor-widget-container\">\n\t\t\t\t\t\t\t\t\t\t\t\t\t\t\t<img decoding=\"async\" src=\"https:\/\/www.marinser.com\/wp-content\/uploads\/2022\/10\/image-02.jpg\" title=\"image-02\" alt=\"image-02\" loading=\"lazy\" \/>\t\t\t\t\t\t\t\t\t\t\t\t\t\t\t<\/div>\n\t\t\t\t<\/div>\n\t\t\t\t\t<\/div>\n\t\t<\/div>\n\t\t\t\t<div class=\"elementor-column elementor-col-50 elementor-top-column elementor-element elementor-element-916e7d2\" data-id=\"916e7d2\" data-element_type=\"column\">\n\t\t\t<div class=\"elementor-widget-wrap elementor-element-populated\">\n\t\t\t\t\t\t<div class=\"elementor-element elementor-element-89c6f7b elementor-widget elementor-widget-image\" data-id=\"89c6f7b\" data-element_type=\"widget\" data-widget_type=\"image.default\">\n\t\t\t\t<div class=\"elementor-widget-container\">\n\t\t\t\t\t\t\t\t\t\t\t\t\t\t\t<img decoding=\"async\" src=\"https:\/\/www.marinser.com\/wp-content\/uploads\/2022\/10\/image-03.jpg\" title=\"image-03\" alt=\"image-03\" loading=\"lazy\" \/>\t\t\t\t\t\t\t\t\t\t\t\t\t\t\t<\/div>\n\t\t\t\t<\/div>\n\t\t\t\t\t<\/div>\n\t\t<\/div>\n\t\t\t\t\t<\/div>\n\t\t<\/section>\n\t\t\t\t<section class=\"elementor-section elementor-top-section elementor-element elementor-element-30fba08 elementor-section-boxed elementor-section-height-default elementor-section-height-default\" data-id=\"30fba08\" data-element_type=\"section\">\n\t\t\t\t\t\t<div class=\"elementor-container elementor-column-gap-extended\">\n\t\t\t\t\t<div class=\"elementor-column elementor-col-100 elementor-top-column elementor-element elementor-element-1821dc8\" data-id=\"1821dc8\" data-element_type=\"column\">\n\t\t\t<div class=\"elementor-widget-wrap elementor-element-populated\">\n\t\t\t\t\t\t<div class=\"elementor-element elementor-element-57b634f elementor-widget elementor-widget-heading\" data-id=\"57b634f\" data-element_type=\"widget\" data-widget_type=\"heading.default\">\n\t\t\t\t<div class=\"elementor-widget-container\">\n\t\t\t\t\t<span class=\"elementor-heading-title elementor-size-default\">Tuvalet Tatl\u0131 ve Pis Su Sistemleri<\/span>\t\t\t\t<\/div>\n\t\t\t\t<\/div>\n\t\t\t\t<div class=\"elementor-element elementor-element-0c6ce1f elementor-widget elementor-widget-heading\" data-id=\"0c6ce1f\" data-element_type=\"widget\" data-widget_type=\"heading.default\">\n\t\t\t\t<div class=\"elementor-widget-container\">\n\t\t\t\t\t<h2 class=\"elementor-heading-title elementor-size-default\">Yat ve Tekne Su Tesisat\u0131 Servisi<\/h2>\t\t\t\t<\/div>\n\t\t\t\t<\/div>\n\t\t\t\t\t<\/div>\n\t\t<\/div>\n\t\t\t\t\t<\/div>\n\t\t<\/section>\n\t\t\t\t<section class=\"elementor-section elementor-top-section elementor-element elementor-element-cc529be elementor-section-boxed elementor-section-height-default elementor-section-height-default\" data-id=\"cc529be\" data-element_type=\"section\">\n\t\t\t\t\t\t<div class=\"elementor-container elementor-column-gap-extended\">\n\t\t\t\t\t<div class=\"elementor-column elementor-col-100 elementor-top-column elementor-element elementor-element-c9a36db\" data-id=\"c9a36db\" data-element_type=\"column\">\n\t\t\t<div class=\"elementor-widget-wrap elementor-element-populated\">\n\t\t\t\t\t\t<div class=\"elementor-element elementor-element-c84cdb4 elementor-widget elementor-widget-heading\" data-id=\"c84cdb4\" data-element_type=\"widget\" data-widget_type=\"heading.default\">\n\t\t\t\t<div class=\"elementor-widget-container\">\n\t\t\t\t\t<p class=\"elementor-heading-title elementor-size-default\"><p data-start=\"1337\" data-end=\"1640\" style=\"letter-spacing: normal\"><strong data-start=\"1337\" data-end=\"1359\">Tuvalet sistemleri<\/strong><span>&nbsp;<\/span>(man\u00fcel veya elektrikli) zamanla vakum kayb\u0131, tahliye sorunlar\u0131, pompa ar\u0131zalar\u0131 ve s\u0131zd\u0131rmazl\u0131k problemleriyle kar\u015f\u0131la\u015fabilir. Marinser, tuvalet sistemlerinde pompa de\u011fi\u015fimi, valf onar\u0131m\u0131, hortum kontrol\u00fc ve tuvalet g\u00f6vdesi s\u0131zd\u0131rmazl\u0131k i\u015flemlerini detayl\u0131 olarak ger\u00e7ekle\u015ftirir.<\/p><p data-start=\"1642\" data-end=\"1802\" style=\"letter-spacing: normal\"><strong data-start=\"1642\" data-end=\"1675\">Fethiye tekne tuvalet servisi<\/strong><span>&nbsp;<\/span>kapsam\u0131nda joker vana de\u011fi\u015fimi, at\u0131k tank\u0131 kontrol\u00fc, seviye sens\u00f6r\u00fc onar\u0131m\u0131 ve d\u0131\u015f tahliye hortumu revizyonu da yap\u0131lmaktad\u0131r.<\/p><p data-start=\"1804\" data-end=\"2142\" style=\"letter-spacing: normal\"><strong data-start=\"1804\" data-end=\"1827\">Tatl\u0131 su sistemleri<\/strong>; bas\u0131n\u00e7l\u0131 su pompalar\u0131, su tanklar\u0131, filtreler ve musluklardan olu\u015fur. Su pompas\u0131n\u0131n ses yapmas\u0131, suyun akmamas\u0131 veya d\u00fc\u015f\u00fck bas\u0131n\u00e7la gelmesi gibi durumlar yayg\u0131nd\u0131r. Marinser,<span>&nbsp;<\/span><strong data-start=\"2004\" data-end=\"2037\">G\u00f6cek tatl\u0131 su sistemi tamiri<\/strong><span>&nbsp;<\/span>ile t\u00fcm su tesisat\u0131n\u0131 kontrol ederek pompa de\u011fi\u015fimi, ka\u00e7ak testi ve filtre yenileme i\u015flemlerini uygular.<span style=\"letter-spacing: -0.03px\"><\/span><\/p><\/p>\t\t\t\t<\/div>\n\t\t\t\t<\/div>\n\t\t\t\t<div class=\"elementor-element elementor-element-c22f4ab elementor-widget elementor-widget-heading\" data-id=\"c22f4ab\" data-element_type=\"widget\" data-widget_type=\"heading.default\">\n\t\t\t\t<div class=\"elementor-widget-container\">\n\t\t\t\t\t<p class=\"elementor-heading-title elementor-size-default\"><p data-start=\"2144\" data-end=\"2477\" style=\"letter-spacing: normal\"><strong data-start=\"2144\" data-end=\"2165\">Pis su sistemleri<\/strong><span>&nbsp;<\/span>ise \u00f6zellikle hijyen a\u00e7\u0131s\u0131ndan dikkatle ele al\u0131nmal\u0131d\u0131r. Tank doluluk sens\u00f6rleri, havaland\u0131rma borular\u0131, tahliye pompalar\u0131 ve k\u00f6r\u00fcklerin zamanla bak\u0131ma ihtiyac\u0131 olur.<span>&nbsp;<\/span><strong data-start=\"2333\" data-end=\"2375\">Marmaris pis su ar\u0131tma sistemi servisi<\/strong><span>&nbsp;<\/span>ile at\u0131k su tanklar\u0131n\u0131n temizli\u011fi, pompa tamiri ve kokuya neden olan b\u00f6lgelerde \u00f6zel bak\u0131m uygulan\u0131r.<\/p><p data-start=\"2479\" data-end=\"2498\" style=\"letter-spacing: normal\">Yap\u0131lan i\u015flemler:<\/p><ul data-start=\"2499\" data-end=\"2806\" style=\"letter-spacing: normal\"><li data-start=\"2499\" data-end=\"2545\"><p data-start=\"2501\" data-end=\"2545\">Elektrikli ve manuel marine tuvalet tamiri<\/p><\/li><li data-start=\"2546\" data-end=\"2586\"><p data-start=\"2548\" data-end=\"2586\">Tatl\u0131 su pompas\u0131 onar\u0131m\u0131 ve de\u011fi\u015fimi<\/p><\/li><li data-start=\"2587\" data-end=\"2629\"><p data-start=\"2589\" data-end=\"2629\">Pis su tank\u0131 ve tahliye hortumu bak\u0131m\u0131<\/p><\/li><li data-start=\"2630\" data-end=\"2676\"><p data-start=\"2632\" data-end=\"2676\">Musluk ve batarya ar\u0131zalar\u0131n\u0131n giderilmesi<\/p><\/li><li data-start=\"2677\" data-end=\"2723\"><p data-start=\"2679\" data-end=\"2723\">Giri\u015f ve \u00e7\u0131k\u0131\u015f ba\u011flant\u0131lar\u0131nda ka\u00e7ak testi<\/p><\/li><li data-start=\"2724\" data-end=\"2769\"><p data-start=\"2726\" data-end=\"2769\">Sens\u00f6r ve seviye g\u00f6stergelerinin kontrol\u00fc<\/p><\/li><li data-start=\"2770\" data-end=\"2806\"><p data-start=\"2772\" data-end=\"2806\">Hortum ve kelep\u00e7elerin yenilenmesi<\/p><\/li><\/ul><p data-start=\"2808\" data-end=\"2961\" style=\"letter-spacing: normal\"><strong data-start=\"2808\" data-end=\"2820\">Marinser<\/strong>, her tekne i\u00e7in \u00f6zel olarak planlanan su sistem \u00e7\u00f6z\u00fcmleriyle, kullan\u0131c\u0131lar\u0131n rahat, sa\u011fl\u0131kl\u0131 ve g\u00fcvenli bir ortamda seyahat etmesini sa\u011flar.<span style=\"letter-spacing: -0.03px\"><\/span><\/p><\/p>\t\t\t\t<\/div>\n\t\t\t\t<\/div>\n\t\t\t\t<div class=\"elementor-element elementor-element-1093445 elementor-button-info elementor-widget elementor-widget-button\" data-id=\"1093445\" data-element_type=\"widget\" data-widget_type=\"button.default\">\n\t\t\t\t<div class=\"elementor-widget-container\">\n\t\t\t\t\t\t\t\t\t<div class=\"elementor-button-wrapper\">\n\t\t\t\t\t<a class=\"elementor-button elementor-button-link elementor-size-sm\" href=\"http:\/\/www.marinser.com\/iletisim\/\">\n\t\t\t\t\t\t<span class=\"elementor-button-content-wrapper\">\n\t\t\t\t\t\t\t\t\t<span class=\"elementor-button-text\">Bize Ula\u015f\u0131n<\/span>\n\t\t\t\t\t<\/span>\n\t\t\t\t\t<\/a>\n\t\t\t\t<\/div>\n\t\t\t\t\t\t\t\t<\/div>\n\t\t\t\t<\/div>\n\t\t\t\t\t<\/div>\n\t\t<\/div>\n\t\t\t\t\t<\/div>\n\t\t<\/section>\n\t\t\t\t<\/div>\n\t\t","protected":false},"excerpt":{"rendered":"<p>Yat ve Tekne Su Tesisat\u0131 Servisi Fethiye, G\u00f6cek, Marmaris ve \u00e7evresindeki marinalarda, tekne su tesisat\u0131 i\u00e7in ar\u0131za onar\u0131m\u0131, yedek par\u00e7a de\u011fi\u015fimi ve tesisat bak\u0131m\u0131 hizmeti sunuyoruz. Tekne ve yatlarda kullan\u0131lan tuvalet, tatl\u0131 su ve pis su sistemleri, konforlu ve sa\u011fl\u0131kl\u0131 bir ya\u015fam alan\u0131 i\u00e7in kritik \u00f6neme sahiptir. Bu sistemlerin d\u00fczg\u00fcn \u00e7al\u0131\u015fmamas\u0131, hem hijyen sorunlar\u0131na hem<\/p>\n<div class=\"klb-readmore button\"><a class=\"btn link\" href=\"https:\/\/www.marinser.com\/?page_id=4490\">Read More <i class=\"klbth-icon-right-arrow\"><\/i><\/a><\/div>\n","protected":false},"author":1,"featured_media":0,"parent":0,"menu_order":0,"comment_status":"closed","ping_status":"closed","template":"","meta":{"_eb_attr":"","footnotes":""},"class_list":["post-4490","page","type-page","status-publish","hentry"],"aioseo_notices":[],"_links":{"self":[{"href":"https:\/\/www.marinser.com\/index.php?rest_route=\/wp\/v2\/pages\/4490","targetHints":{"allow":["GET"]}}],"collection":[{"href":"https:\/\/www.marinser.com\/index.php?rest_route=\/wp\/v2\/pages"}],"about":[{"href":"https:\/\/www.marinser.com\/index.php?rest_route=\/wp\/v2\/types\/page"}],"author":[{"embeddable":true,"href":"https:\/\/www.marinser.com\/index.php?rest_route=\/wp\/v2\/users\/1"}],"replies":[{"embeddable":true,"href":"https:\/\/www.marinser.com\/index.php?rest_route=%2Fwp%2Fv2%2Fcomments&post=4490"}],"version-history":[{"count":11,"href":"https:\/\/www.marinser.com\/index.php?rest_route=\/wp\/v2\/pages\/4490\/revisions"}],"predecessor-version":[{"id":4667,"href":"https:\/\/www.marinser.com\/index.php?rest_route=\/wp\/v2\/pages\/4490\/revisions\/4667"}],"wp:attachment":[{"href":"https:\/\/www.marinser.com\/index.php?rest_route=%2Fwp%2Fv2%2Fmedia&parent=4490"}],"curies":[{"name":"wp","href":"https:\/\/api.w.org\/{rel}","templated":true}]}}