{"id":4477,"date":"2025-06-04T15:37:51","date_gmt":"2025-06-04T12:37:51","guid":{"rendered":"http:\/\/www.marinser.com\/?page_id=4477"},"modified":"2025-06-04T17:14:07","modified_gmt":"2025-06-04T14:14:07","slug":"irgat-tamiri","status":"publish","type":"page","link":"https:\/\/www.marinser.com\/?page_id=4477","title":{"rendered":"Irgat Tamiri"},"content":{"rendered":"\t\t<div data-elementor-type=\"wp-page\" data-elementor-id=\"4477\" class=\"elementor elementor-4477\">\n\t\t\t\t\t\t<section class=\"elementor-section elementor-top-section elementor-element elementor-element-be2ed4a elementor-section-full_width elementor-section-height-default elementor-section-height-default\" data-id=\"be2ed4a\" data-element_type=\"section\">\n\t\t\t\t\t\t<div class=\"elementor-container elementor-column-gap-no\">\n\t\t\t\t\t<div class=\"elementor-column elementor-col-100 elementor-top-column elementor-element elementor-element-fdb95ef\" data-id=\"fdb95ef\" data-element_type=\"column\">\n\t\t\t<div class=\"elementor-widget-wrap elementor-element-populated\">\n\t\t\t\t\t\t<div class=\"elementor-element elementor-element-af29231 elementor-widget elementor-widget-partdo-page-banner\" data-id=\"af29231\" data-element_type=\"widget\" data-widget_type=\"partdo-page-banner.default\">\n\t\t\t\t<div class=\"elementor-widget-container\">\n\t\t\t\t\t<div class=\"entry-page-header\"><div class=\"container\"><div class=\"page-header-content\"><h1 class=\"entry-title\">Irgat Tamiri<\/h1><div class=\"entry-description\"> <p>Fethiye, G\u00f6cek ve Marmaris\u2019te tekne ve yat \u0131rgat ar\u0131zalar\u0131 profesyonelce onar\u0131l\u0131r. Zincir ve halat \u0131rgat tamiri ve Marinser garantisiyle g\u00fcvenli demirleme.<\/p><\/div><\/div><\/div><div class=\"entry-image\"> <img decoding=\"async\" src=\"https:\/\/www.marinser.com\/wp-content\/plugins\/partdo-core\/elementor\/images\/image-01.jpg\"><\/div><\/div>\t\t\t\t<\/div>\n\t\t\t\t<\/div>\n\t\t\t\t\t<\/div>\n\t\t<\/div>\n\t\t\t\t\t<\/div>\n\t\t<\/section>\n\t\t\t\t<section class=\"elementor-section elementor-top-section elementor-element elementor-element-7b0e655 elementor-section-boxed elementor-section-height-default elementor-section-height-default\" data-id=\"7b0e655\" data-element_type=\"section\">\n\t\t\t\t\t\t<div class=\"elementor-container elementor-column-gap-extended\">\n\t\t\t\t\t<div class=\"elementor-column elementor-col-100 elementor-top-column elementor-element elementor-element-6aaf18b white-box\" data-id=\"6aaf18b\" data-element_type=\"column\">\n\t\t\t<div class=\"elementor-widget-wrap elementor-element-populated\">\n\t\t\t\t\t\t<div class=\"elementor-element elementor-element-b67e798 elementor-widget elementor-widget-heading\" data-id=\"b67e798\" data-element_type=\"widget\" data-widget_type=\"heading.default\">\n\t\t\t\t<div class=\"elementor-widget-container\">\n\t\t\t\t\t<p class=\"elementor-heading-title elementor-size-default\">Irgat sistemleri, tekne ve yatlarda demir atma ve demir alma i\u015flemlerinin kolay ve g\u00fcvenli bir \u015fekilde yap\u0131lmas\u0131n\u0131 sa\u011flayan hayati \u00f6neme sahip mekanizmalard\u0131r. Bu sistemlerde ya\u015fanan ar\u0131zalar; seyir g\u00fcvenli\u011fini, demirleme verimlili\u011fini ve teknenin yap\u0131sal b\u00fct\u00fcnl\u00fc\u011f\u00fcn\u00fc riske atabilir.<\/p>\t\t\t\t<\/div>\n\t\t\t\t<\/div>\n\t\t\t\t<div class=\"elementor-element elementor-element-ac66458 elementor-widget elementor-widget-heading\" data-id=\"ac66458\" data-element_type=\"widget\" data-widget_type=\"heading.default\">\n\t\t\t\t<div class=\"elementor-widget-container\">\n\t\t\t\t\t<p class=\"elementor-heading-title elementor-size-default\">Marinser, Fethiye merkezli uzman kadrosuyla G\u00f6cek, Marmaris ve \u00e7evresinde marin \u0131rgat sistemleri i\u00e7in kapsaml\u0131 bak\u0131m, onar\u0131m ve yedek par\u00e7a hizmetleri sunar.<\/p>\t\t\t\t<\/div>\n\t\t\t\t<\/div>\n\t\t\t\t\t<\/div>\n\t\t<\/div>\n\t\t\t\t\t<\/div>\n\t\t<\/section>\n\t\t\t\t<section class=\"elementor-section elementor-top-section elementor-element elementor-element-61b43c6 elementor-section-boxed elementor-section-height-default elementor-section-height-default\" data-id=\"61b43c6\" data-element_type=\"section\">\n\t\t\t\t\t\t<div class=\"elementor-container elementor-column-gap-extended\">\n\t\t\t\t\t<div class=\"elementor-column elementor-col-50 elementor-top-column elementor-element elementor-element-e3813fc\" data-id=\"e3813fc\" data-element_type=\"column\">\n\t\t\t<div class=\"elementor-widget-wrap elementor-element-populated\">\n\t\t\t\t\t\t<div class=\"elementor-element elementor-element-49728fb elementor-widget elementor-widget-image\" data-id=\"49728fb\" data-element_type=\"widget\" data-widget_type=\"image.default\">\n\t\t\t\t<div class=\"elementor-widget-container\">\n\t\t\t\t\t\t\t\t\t\t\t\t\t\t\t<img decoding=\"async\" src=\"https:\/\/www.marinser.com\/wp-content\/uploads\/2022\/10\/image-02.jpg\" title=\"image-02\" alt=\"image-02\" loading=\"lazy\" \/>\t\t\t\t\t\t\t\t\t\t\t\t\t\t\t<\/div>\n\t\t\t\t<\/div>\n\t\t\t\t\t<\/div>\n\t\t<\/div>\n\t\t\t\t<div class=\"elementor-column elementor-col-50 elementor-top-column elementor-element elementor-element-916e7d2\" data-id=\"916e7d2\" data-element_type=\"column\">\n\t\t\t<div class=\"elementor-widget-wrap elementor-element-populated\">\n\t\t\t\t\t\t<div class=\"elementor-element elementor-element-89c6f7b elementor-widget elementor-widget-image\" data-id=\"89c6f7b\" data-element_type=\"widget\" data-widget_type=\"image.default\">\n\t\t\t\t<div class=\"elementor-widget-container\">\n\t\t\t\t\t\t\t\t\t\t\t\t\t\t\t<img decoding=\"async\" src=\"https:\/\/www.marinser.com\/wp-content\/uploads\/2022\/10\/image-03.jpg\" title=\"image-03\" alt=\"image-03\" loading=\"lazy\" \/>\t\t\t\t\t\t\t\t\t\t\t\t\t\t\t<\/div>\n\t\t\t\t<\/div>\n\t\t\t\t\t<\/div>\n\t\t<\/div>\n\t\t\t\t\t<\/div>\n\t\t<\/section>\n\t\t\t\t<section class=\"elementor-section elementor-top-section elementor-element elementor-element-30fba08 elementor-section-boxed elementor-section-height-default elementor-section-height-default\" data-id=\"30fba08\" data-element_type=\"section\">\n\t\t\t\t\t\t<div class=\"elementor-container elementor-column-gap-extended\">\n\t\t\t\t\t<div class=\"elementor-column elementor-col-100 elementor-top-column elementor-element elementor-element-1821dc8\" data-id=\"1821dc8\" data-element_type=\"column\">\n\t\t\t<div class=\"elementor-widget-wrap elementor-element-populated\">\n\t\t\t\t\t\t<div class=\"elementor-element elementor-element-57b634f elementor-widget elementor-widget-heading\" data-id=\"57b634f\" data-element_type=\"widget\" data-widget_type=\"heading.default\">\n\t\t\t\t<div class=\"elementor-widget-container\">\n\t\t\t\t\t<span class=\"elementor-heading-title elementor-size-default\">Tekne ve Yat Irgat Sistemleri Onar\u0131m\u0131<\/span>\t\t\t\t<\/div>\n\t\t\t\t<\/div>\n\t\t\t\t<div class=\"elementor-element elementor-element-0c6ce1f elementor-widget elementor-widget-heading\" data-id=\"0c6ce1f\" data-element_type=\"widget\" data-widget_type=\"heading.default\">\n\t\t\t\t<div class=\"elementor-widget-container\">\n\t\t\t\t\t<h2 class=\"elementor-heading-title elementor-size-default\">Irgat Tamiri<\/h2>\t\t\t\t<\/div>\n\t\t\t\t<\/div>\n\t\t\t\t\t<\/div>\n\t\t<\/div>\n\t\t\t\t\t<\/div>\n\t\t<\/section>\n\t\t\t\t<section class=\"elementor-section elementor-top-section elementor-element elementor-element-cc529be elementor-section-boxed elementor-section-height-default elementor-section-height-default\" data-id=\"cc529be\" data-element_type=\"section\">\n\t\t\t\t\t\t<div class=\"elementor-container elementor-column-gap-extended\">\n\t\t\t\t\t<div class=\"elementor-column elementor-col-100 elementor-top-column elementor-element elementor-element-c9a36db\" data-id=\"c9a36db\" data-element_type=\"column\">\n\t\t\t<div class=\"elementor-widget-wrap elementor-element-populated\">\n\t\t\t\t\t\t<div class=\"elementor-element elementor-element-c84cdb4 elementor-widget elementor-widget-heading\" data-id=\"c84cdb4\" data-element_type=\"widget\" data-widget_type=\"heading.default\">\n\t\t\t\t<div class=\"elementor-widget-container\">\n\t\t\t\t\t<p class=\"elementor-heading-title elementor-size-default\">Irgat sistemleri, genellikle elektrikli veya hidrolik motorla \u00e7al\u0131\u015fan bir \u015fanz\u0131man, tambur, di\u015fli ve fren d\u00fczeninden olu\u015fur. Marinser\u2019in sundu\u011fu Fethiye tekne \u0131rgat tamiri hizmeti; sistemin tamam\u0131n\u0131 kapsayan detayl\u0131 bir teknik analizle ba\u015flar.\n\nZincir \u0131rgatlar\u0131nda kar\u015f\u0131la\u015f\u0131lan en yayg\u0131n sorunlar aras\u0131nda:\n\nDi\u015fli s\u0131k\u0131\u015fmas\u0131, \nMotor yanmas\u0131, \nFren mekanizmas\u0131nda tutmama, \nZincir kilitlenmesi, \nKumanda panosu ar\u0131zalar\u0131 yer al\u0131r.\nMarinser teknisyenleri, motorun elektriksel ba\u011flant\u0131lar\u0131n\u0131, ak\u0131m \u00e7ekimini, kumanda sistemini ve zincir tamburunu detayl\u0131ca test eder. G\u00f6cek yat \u0131rgat servisi kapsam\u0131nda, \u00f6zellikle tuzlu suyun neden oldu\u011fu korozyon ve oksitlenmelere kar\u015f\u0131 koruma sa\u011flan\u0131r. A\u015f\u0131nan par\u00e7alar orijinal yedeklerle de\u011fi\u015ftirilir.<\/p>\t\t\t\t<\/div>\n\t\t\t\t<\/div>\n\t\t\t\t<div class=\"elementor-element elementor-element-c22f4ab elementor-widget elementor-widget-heading\" data-id=\"c22f4ab\" data-element_type=\"widget\" data-widget_type=\"heading.default\">\n\t\t\t\t<div class=\"elementor-widget-container\">\n\t\t\t\t\t<p class=\"elementor-heading-title elementor-size-default\">Marmaris \u0131rgat onar\u0131m hizmeti dahilinde, tamburun d\u00f6nme direnci \u00f6l\u00e7\u00fcl\u00fcr, fren mekanizmas\u0131 test edilir ve zincir durdurucu sistem kontrol edilir. Gerekirse zincir yata\u011f\u0131 ve yataklar s\u00f6k\u00fclerek yeniden ya\u011flan\u0131r veya de\u011fi\u015ftirilir.\n\nIrgat sisteminin sorunsuz \u00e7al\u0131\u015fmas\u0131, sadece konfor de\u011fil ayn\u0131 zamanda emniyet a\u00e7\u0131s\u0131ndan da kritiktir. \u00d6zellikle ani r\u00fczgar ve ak\u0131nt\u0131larda demirlemenin sa\u011flam yap\u0131lmas\u0131 teknenin kontrol\u00fcn\u00fc korumak i\u00e7in zorunludur. Marinser olarak, sadece ar\u0131za giderimi de\u011fil, ayn\u0131 zamanda \u00f6nleyici bak\u0131m hizmetleriyle de teknelerinizi g\u00fcvende tutuyoruz.<\/p>\t\t\t\t<\/div>\n\t\t\t\t<\/div>\n\t\t\t\t<div class=\"elementor-element elementor-element-da3e988 elementor-button-info elementor-widget elementor-widget-button\" data-id=\"da3e988\" data-element_type=\"widget\" data-widget_type=\"button.default\">\n\t\t\t\t<div class=\"elementor-widget-container\">\n\t\t\t\t\t\t\t\t\t<div class=\"elementor-button-wrapper\">\n\t\t\t\t\t<a class=\"elementor-button elementor-button-link elementor-size-sm\" href=\"http:\/\/www.marinser.com\/iletisim\/\">\n\t\t\t\t\t\t<span class=\"elementor-button-content-wrapper\">\n\t\t\t\t\t\t\t\t\t<span class=\"elementor-button-text\">Bize Ula\u015f\u0131n<\/span>\n\t\t\t\t\t<\/span>\n\t\t\t\t\t<\/a>\n\t\t\t\t<\/div>\n\t\t\t\t\t\t\t\t<\/div>\n\t\t\t\t<\/div>\n\t\t\t\t\t<\/div>\n\t\t<\/div>\n\t\t\t\t\t<\/div>\n\t\t<\/section>\n\t\t\t\t<\/div>\n\t\t","protected":false},"excerpt":{"rendered":"<p>Irgat Tamiri Fethiye, G\u00f6cek ve Marmaris\u2019te tekne ve yat \u0131rgat ar\u0131zalar\u0131 profesyonelce onar\u0131l\u0131r. Zincir ve halat \u0131rgat tamiri ve Marinser garantisiyle g\u00fcvenli demirleme. Irgat sistemleri, tekne ve yatlarda demir atma ve demir alma i\u015flemlerinin kolay ve g\u00fcvenli bir \u015fekilde yap\u0131lmas\u0131n\u0131 sa\u011flayan hayati \u00f6neme sahip mekanizmalard\u0131r. Bu sistemlerde ya\u015fanan ar\u0131zalar; seyir g\u00fcvenli\u011fini, demirleme verimlili\u011fini ve teknenin<\/p>\n<div class=\"klb-readmore button\"><a class=\"btn link\" href=\"https:\/\/www.marinser.com\/?page_id=4477\">Read More <i class=\"klbth-icon-right-arrow\"><\/i><\/a><\/div>\n","protected":false},"author":1,"featured_media":0,"parent":0,"menu_order":0,"comment_status":"closed","ping_status":"closed","template":"","meta":{"_eb_attr":"","footnotes":""},"class_list":["post-4477","page","type-page","status-publish","hentry"],"aioseo_notices":[],"_links":{"self":[{"href":"https:\/\/www.marinser.com\/index.php?rest_route=\/wp\/v2\/pages\/4477","targetHints":{"allow":["GET"]}}],"collection":[{"href":"https:\/\/www.marinser.com\/index.php?rest_route=\/wp\/v2\/pages"}],"about":[{"href":"https:\/\/www.marinser.com\/index.php?rest_route=\/wp\/v2\/types\/page"}],"author":[{"embeddable":true,"href":"https:\/\/www.marinser.com\/index.php?rest_route=\/wp\/v2\/users\/1"}],"replies":[{"embeddable":true,"href":"https:\/\/www.marinser.com\/index.php?rest_route=%2Fwp%2Fv2%2Fcomments&post=4477"}],"version-history":[{"count":5,"href":"https:\/\/www.marinser.com\/index.php?rest_route=\/wp\/v2\/pages\/4477\/revisions"}],"predecessor-version":[{"id":4601,"href":"https:\/\/www.marinser.com\/index.php?rest_route=\/wp\/v2\/pages\/4477\/revisions\/4601"}],"wp:attachment":[{"href":"https:\/\/www.marinser.com\/index.php?rest_route=%2Fwp%2Fv2%2Fmedia&parent=4477"}],"curies":[{"name":"wp","href":"https:\/\/api.w.org\/{rel}","templated":true}]}}