{"id":40,"date":"2022-10-03T11:00:48","date_gmt":"2022-10-03T11:00:48","guid":{"rendered":"https:\/\/klbtheme.com\/partdo\/?page_id=40"},"modified":"2025-06-04T18:50:37","modified_gmt":"2025-06-04T15:50:37","slug":"home","status":"publish","type":"page","link":"https:\/\/www.marinser.com\/","title":{"rendered":"Anasayfa"},"content":{"rendered":"\t\t<div data-elementor-type=\"wp-page\" data-elementor-id=\"40\" class=\"elementor elementor-40\">\n\t\t\t\t\t\t<section class=\"elementor-section elementor-top-section elementor-element elementor-element-fff8e2b elementor-section-boxed elementor-section-height-default elementor-section-height-default\" data-id=\"fff8e2b\" data-element_type=\"section\">\n\t\t\t\t\t\t<div class=\"elementor-container elementor-column-gap-extended\">\n\t\t\t\t\t<div class=\"elementor-column elementor-col-100 elementor-top-column elementor-element elementor-element-0fbbf4d\" data-id=\"0fbbf4d\" data-element_type=\"column\">\n\t\t\t<div class=\"elementor-widget-wrap elementor-element-populated\">\n\t\t\t\t\t\t<div class=\"elementor-element elementor-element-4170b68 elementor-widget elementor-widget-partdo-home-slider\" data-id=\"4170b68\" data-element_type=\"widget\" data-widget_type=\"partdo-home-slider.default\">\n\t\t\t\t<div class=\"elementor-widget-container\">\n\t\t\t\t\t<div class=\"klbth-module klbth-module-slider\"><div class=\"klbth-module-body\"><div class=\"klbth-slider-wrapper\"> <div class=\"klbth-slider-loader\"><div class=\"klbth-loader size-md color-primary border-sm\"><\/div><\/div><div class=\"klbth-slider arrows-center arrow-size-lg arrows-light arrows-animate dots-style-filled dots-align-right slider-overflow slider-radius width-default\" data-items=\"1\" data-mobileitems=\"1\" data-tabletitems=\"1\" data-speed=\"600\" data-arrows=\"true\" data-dots=\"true\" data-css=\"cubic-bezier(.48,0,.12,1)\" data-margin=\"0\" data-autoplay=\"false\" data-autospeed=\"\" data-autostop=\"true\"><div class=\"slider-item\"> <div class=\"klbth-banner style-inner color-scheme-light space-xlg align-center justify-start hover-no-hover\"><div class=\"entry-wrapper overlay-25-dark-max768 dump\"><div class=\"entry-inner w-60\"><div class=\"entry-heading slider-heading\"><h4 class=\"entry-subtitle\">Marinser | Tekneniz \u0130\u00e7in Profesyonel Teknik Servis Hizmeti<\/h4><h2 class=\"entry-title font-large-md\">Fethiye\u2019de Tekne Bak\u0131m\u0131 ve Teknik Destek<\/h2><\/div><div class=\"entry-excerpt font-xlg weight-300\"><p>Marinser, Fethiye ve \u00e7evresinde tekne, yat ve deniz ara\u00e7lar\u0131na \u00f6zel bak\u0131m, onar\u0131m ve elektrik sistemleri konusunda uzman teknik servis hizmeti sunar. <\/p><\/div><div class=\"entry-footer vertical slider-footer\"><span class=\"price\"><del aria-hidden=\"true\"><span class=\"woocommerce-Price-amount amount\"><bdi> <\/bdi><\/span><\/del><ins><span class=\"woocommerce-Price-amount amount\"><bdi> <\/bdi><\/span><\/ins><\/span><div class=\"banner-button\"><button href=\"http:\/\/www.marinser.com\/urunler\/\" class=\"btn primary\" > \u00dcr\u00fcnlere G\u00f6z At\u0131n <i class=\"klbth-icon-arrow-right-long\"><\/i><\/button><\/div><\/div><\/div><\/div><div class=\"entry-media overlay-15-dark-min768\"><img decoding=\"async\" src=\"http:\/\/www.marinser.com\/wp-content\/uploads\/2025\/06\/Adsiz-tasarim-13.png\" alt=\"slider image\"\/><\/div><a class=\"link-mask\" href=\"http:\/\/www.marinser.com\/urunler\/\"> <\/a><\/div><\/div><div class=\"slider-item\"> <div class=\"klbth-banner style-inner color-scheme-light space-xlg align-center justify-start hover-no-hover\"><div class=\"entry-wrapper overlay-25-dark-max768 dump\"><div class=\"entry-inner w-60\"><div class=\"entry-heading slider-heading\"><h4 class=\"entry-subtitle\">Marinser | Marin Elektrik Sistemlerinde Uzmanl\u0131k<\/h4><h2 class=\"entry-title font-large-md\">Marin Elektrik Sistemlerinde Uzman \u00c7\u00f6z\u00fcm Orta\u011f\u0131n\u0131z<\/h2><\/div><div class=\"entry-excerpt font-xlg weight-300\"><p>Ak\u00fc de\u011fi\u015fimi, elektrik ar\u0131zalar\u0131 ve otomasyon sistemleri i\u00e7in yerinde servis Teknenizdeki t\u00fcm elektriksel ihtiya\u00e7lar i\u00e7in h\u0131zl\u0131 m\u00fcdahale ve kal\u0131c\u0131 \u00e7\u00f6z\u00fcmler sunuyoruz. Fethiye, G\u00f6cek ve Marmaris\u2019te yerinde destek sa\u011fl\u0131yoruz. <\/p><\/div><div class=\"entry-footer vertical slider-footer\"><span class=\"price\"><del aria-hidden=\"true\"><span class=\"woocommerce-Price-amount amount\"><bdi> <\/bdi><\/span><\/del><ins><span class=\"woocommerce-Price-amount amount\"><bdi> <\/bdi><\/span><\/ins><\/span><div class=\"banner-button\"><button href=\"http:\/\/www.marinser.com\/urunler\/\" class=\"btn primary\" > \u00dcr\u00fcnlere G\u00f6z At\u0131n <i class=\"klbth-icon-arrow-right-long\"><\/i><\/button><\/div><\/div><\/div><\/div><div class=\"entry-media overlay-15-dark-min768\"><img decoding=\"async\" src=\"http:\/\/www.marinser.com\/wp-content\/uploads\/2025\/06\/Adsiz-tasarim-12.png\" alt=\"slider image\"\/><\/div><a class=\"link-mask\" href=\"http:\/\/www.marinser.com\/urunler\/\"> <\/a><\/div><\/div><div class=\"slider-item\"> <div class=\"klbth-banner style-inner color-scheme-light space-xlg align-center justify-start hover-no-hover\"><div class=\"entry-wrapper overlay-25-dark-max768 dump\"><div class=\"entry-inner w-60\"><div class=\"entry-heading slider-heading\"><h4 class=\"entry-subtitle\">Marinser | Orijinal Yedek Par\u00e7a Temini<\/h4><h2 class=\"entry-title font-large-md\">G\u00fcvenli Yolculuklar \u0130\u00e7in Do\u011fru Par\u00e7alar<\/h2><\/div><div class=\"entry-excerpt font-xlg weight-300\"><p>Marinser\u2019den motor, elektrik ve donan\u0131m sistemleri i\u00e7in garantili, uzun \u00f6m\u00fcrl\u00fc yedek par\u00e7alar\u0131 uygun fiyatlarla temin edebilirsiniz. <\/p><\/div><div class=\"entry-footer vertical slider-footer\"><span class=\"price\"><del aria-hidden=\"true\"><span class=\"woocommerce-Price-amount amount\"><bdi> <\/bdi><\/span><\/del><ins><span class=\"woocommerce-Price-amount amount\"><bdi> <\/bdi><\/span><\/ins><\/span><div class=\"banner-button\"><button href=\"http:\/\/www.marinser.com\/urunler\/\" class=\"btn primary\" > \u00dcr\u00fcnlere G\u00f6z At\u0131n <i class=\"klbth-icon-arrow-right-long\"><\/i><\/button><\/div><\/div><\/div><\/div><div class=\"entry-media overlay-15-dark-min768\"><img decoding=\"async\" src=\"http:\/\/www.marinser.com\/wp-content\/uploads\/2025\/06\/Adsiz-tasarim-11.png\" alt=\"slider image\"\/><\/div><a class=\"link-mask\" href=\"http:\/\/www.marinser.com\/urunler\/\"> <\/a><\/div><\/div><\/div><\/div><\/div><\/div>\t\t\t\t<\/div>\n\t\t\t\t<\/div>\n\t\t\t\t\t<\/div>\n\t\t<\/div>\n\t\t\t\t\t<\/div>\n\t\t<\/section>\n\t\t\t\t<section class=\"elementor-section elementor-top-section elementor-element elementor-element-3802851 elementor-section-boxed elementor-section-height-default elementor-section-height-default\" data-id=\"3802851\" data-element_type=\"section\">\n\t\t\t\t\t\t<div class=\"elementor-container elementor-column-gap-extended\">\n\t\t\t\t\t<div class=\"elementor-column elementor-col-100 elementor-top-column elementor-element elementor-element-a4353c5\" data-id=\"a4353c5\" data-element_type=\"column\">\n\t\t\t<div class=\"elementor-widget-wrap elementor-element-populated\">\n\t\t\t\t\t\t<div class=\"elementor-element elementor-element-d1fe7a2 elementor-widget elementor-widget-partdo-product-tab-carousel\" data-id=\"d1fe7a2\" data-element_type=\"widget\" data-widget_type=\"partdo-product-tab-carousel.default\">\n\t\t\t\t<div class=\"elementor-widget-container\">\n\t\t\t\t\t<div class=\"klbth-module klbth-module-carousel\">\r\n\t\t\t\t  <div class=\"klbth-module-header with-border color-default counter-deactive align-default\">\r\n\t\t\t\t\t\r\n\t\t\t\t  <\/div>\r\n\t\t\t\t  <div class=\"tab-view klbth-module-body\">\r\n\t\t\t\t\t<div class=\"klb-products-tab  klbth-slider-wrapper\"> <div class=\"klbth-slider-loader\"><div class=\"klbth-loader size-md color-primary border-sm\"><\/div><\/div><div class=\"klbth-slider klbth-carousel arrows-center arrow-size-def arrows-light arrows-animate dots-style-def dots-align-def slider-noflow slider-no-radius products\" data-items=\"4\" data-mobileitems=\"2\" data-tabletitems=\"3\" data-arrows=\"true\" data-dots=\"\" data-speed=\"600\" data-autoplay=\"true\" data-autospeed=\"1600\" data-autostop=\"true\" data-css=\"cubic-bezier(.48,0,.12,1)\" data-margin=\"30\"><\/div><\/div>\r\n\t\t\t\t  <\/div>\r\n\t\t\t\t<\/div>\t\t\t\t<\/div>\n\t\t\t\t<\/div>\n\t\t\t\t\t<\/div>\n\t\t<\/div>\n\t\t\t\t\t<\/div>\n\t\t<\/section>\n\t\t\t\t<section class=\"elementor-section elementor-top-section elementor-element elementor-element-7e06a9d elementor-section-boxed elementor-section-height-default elementor-section-height-default\" data-id=\"7e06a9d\" data-element_type=\"section\">\n\t\t\t\t\t\t<div class=\"elementor-container elementor-column-gap-extended\">\n\t\t\t\t\t<div class=\"elementor-column elementor-col-100 elementor-top-column elementor-element elementor-element-23b6c17\" data-id=\"23b6c17\" data-element_type=\"column\">\n\t\t\t<div class=\"elementor-widget-wrap elementor-element-populated\">\n\t\t\t\t\t\t<div class=\"elementor-element elementor-element-499b0b9 elementor-widget elementor-widget-partdo-banner-box\" data-id=\"499b0b9\" data-element_type=\"widget\" data-widget_type=\"partdo-banner-box.default\">\n\t\t\t\t<div class=\"elementor-widget-container\">\n\t\t\t\t\t<div class=\"klbth-banner style-inner color-scheme-light space-sm align-center justify-start hover-zoom\"><div class=\"entry-wrapper overlay-15-dark-max768 dump\"><div class=\"entry-inner w-50\"><div class=\"entry-heading banner-heading\"><h2 class=\"entry-title font-banner-sm\">Bak\u0131m, onar\u0131m, marin elektrik hizmetleri ve orijinal yedek par\u00e7a temini bir arada <\/h2><\/div><div class=\"entry-excerpt font-sm weight-300\"><p>Marinser olarak Fethiye, G\u00f6cek, Marmaris ve Antalya\u2019da tekne ve yatlara \u00f6zel motor par\u00e7alar\u0131, marin elektrik sistemleri, ak\u00fcler, sigortalar, ayd\u0131nlatma \u00fcr\u00fcnleri ve di\u011fer denizcilik ekipmanlar\u0131 sunuyoruz. Stoktan h\u0131zl\u0131 teslimat, uzman deste\u011fi ve garantili \u00fcr\u00fcnlerle g\u00fcvenli deniz yolculuklar\u0131 i\u00e7in ihtiyac\u0131n\u0131z olan her \u015fey burada!<\/p><\/div><div class=\"entry-footer vertical banner-footer\"><div class=\"banner-button\"><button href=\"https:\/\/klbtheme.com\/partdo\/shop\/?orderby=popularity\" class=\"btn link\" > Hizmetlerimize G\u00f6z At\u0131n<i class=\"klbth-icon-arrow-right-long\"><\/i><\/button><\/div><\/div><\/div><\/div><div class=\"entry-media\"><img decoding=\"async\" src=\"http:\/\/www.marinser.com\/wp-content\/uploads\/2025\/06\/Adsiz-tasarim-14.png\" alt=\"slider image\"\/><\/div><a class=\"link-mask\" href=\"https:\/\/klbtheme.com\/partdo\/shop\/?orderby=popularity\" > <\/a><\/div>\t\t\t\t<\/div>\n\t\t\t\t<\/div>\n\t\t\t\t\t<\/div>\n\t\t<\/div>\n\t\t\t\t\t<\/div>\n\t\t<\/section>\n\t\t\t\t<section class=\"elementor-section elementor-top-section elementor-element elementor-element-0cd2e65 elementor-section-boxed elementor-section-height-default elementor-section-height-default\" data-id=\"0cd2e65\" data-element_type=\"section\">\n\t\t\t\t\t\t<div class=\"elementor-container elementor-column-gap-extended\">\n\t\t\t\t\t<div class=\"elementor-column elementor-col-50 elementor-top-column elementor-element elementor-element-d80a95f\" data-id=\"d80a95f\" data-element_type=\"column\">\n\t\t\t<div class=\"elementor-widget-wrap elementor-element-populated\">\n\t\t\t\t\t\t<div class=\"elementor-element elementor-element-d083ab2 elementor-widget elementor-widget-heading\" data-id=\"d083ab2\" data-element_type=\"widget\" data-widget_type=\"heading.default\">\n\t\t\t\t<div class=\"elementor-widget-container\">\n\t\t\t\t\t<p class=\"elementor-heading-title elementor-size-default\">Marinser, Fethiye, G\u00f6cek, Marmaris ve Antalya b\u00f6lgelerinde tekne ve yatlar i\u00e7in teknik servis, bak\u0131m-onar\u0131m, marin elektrik sistemleri ve yedek par\u00e7a temini alanlar\u0131nda uzmanla\u015fm\u0131\u015f bir kurulu\u015ftur. Deniz ara\u00e7lar\u0131n\u0131n g\u00fcvenli\u011fini ve performans\u0131n\u0131 art\u0131rmak ad\u0131na; motor bak\u0131m\u0131, ak\u00fc de\u011fi\u015fimi, elektrik ar\u0131za tespiti, otomasyon sistem kurulumu, ayd\u0131nlatma ve g\u00fc\u00e7 sistemleri montaj\u0131 gibi \u00e7ok \u00e7e\u015fitli hizmetler sunuyoruz. Alan\u0131nda deneyimli teknisyen kadromuzla, zaman\u0131nda ve yerinde \u00e7\u00f6z\u00fcmler \u00fcretmeye odaklan\u0131yoruz.<\/p>\t\t\t\t<\/div>\n\t\t\t\t<\/div>\n\t\t\t\t\t<\/div>\n\t\t<\/div>\n\t\t\t\t<div class=\"elementor-column elementor-col-50 elementor-top-column elementor-element elementor-element-d963900\" data-id=\"d963900\" data-element_type=\"column\">\n\t\t\t<div class=\"elementor-widget-wrap elementor-element-populated\">\n\t\t\t\t\t\t<div class=\"elementor-element elementor-element-e60c374 elementor-widget elementor-widget-heading\" data-id=\"e60c374\" data-element_type=\"widget\" data-widget_type=\"heading.default\">\n\t\t\t\t<div class=\"elementor-widget-container\">\n\t\t\t\t\t<p class=\"elementor-heading-title elementor-size-default\">M\u00fc\u015fteri memnuniyetini esas alan hizmet anlay\u0131\u015f\u0131m\u0131zla, marin sekt\u00f6r\u00fcnde g\u00fcvenilir bir \u00e7\u00f6z\u00fcm orta\u011f\u0131 olmay\u0131 hedefliyoruz. T\u00fcm teknelere \u00f6zel servis \u00e7\u00f6z\u00fcmleri, %100 orijinal yedek par\u00e7a temini ve h\u0131zl\u0131 m\u00fcdahale kabiliyetimiz sayesinde, Fethiye\u2019den Antalya\u2019ya kadar t\u00fcm k\u0131y\u0131 \u015feridinde tercih edilen firmalardan biri haline geldik. Tekneniz i\u00e7in arad\u0131\u011f\u0131n\u0131z kaliteli ve profesyonel teknik destek Marinser'de.<\/p>\t\t\t\t<\/div>\n\t\t\t\t<\/div>\n\t\t\t\t\t<\/div>\n\t\t<\/div>\n\t\t\t\t\t<\/div>\n\t\t<\/section>\n\t\t\t\t<section class=\"elementor-section elementor-top-section elementor-element elementor-element-fb33384 elementor-section-boxed elementor-section-height-default elementor-section-height-default\" data-id=\"fb33384\" data-element_type=\"section\">\n\t\t\t\t\t\t<div class=\"elementor-container elementor-column-gap-extended\">\n\t\t\t\t\t<div class=\"elementor-column elementor-col-100 elementor-top-column elementor-element elementor-element-1183f21\" data-id=\"1183f21\" data-element_type=\"column\">\n\t\t\t<div class=\"elementor-widget-wrap elementor-element-populated\">\n\t\t\t\t\t\t<div class=\"elementor-element elementor-element-f23ae1a elementor-widget elementor-widget-partdo-latest-blog\" data-id=\"f23ae1a\" data-element_type=\"widget\" data-widget_type=\"partdo-latest-blog.default\">\n\t\t\t\t<div class=\"elementor-widget-container\">\n\t\t\t\t\t<div class=\"klbth-module klbth-module-grid grid-4\"><div class=\"klbth-module-header with-border color-default counter-deactive align-default\"><h3 class=\"entry-title\">Marinser Blog<\/h3><div class=\"entry-description\"><p>Tekne ve yat bak\u0131m\u0131 hakk\u0131nda ipu\u00e7lar\u0131, yedek par\u00e7a rehberleri ve dahas\u0131<\/p><\/div><a class=\"btn link\" href=\"https:\/\/klbtheme.com\/partdo\/blog\/\" > T\u00fcm\u00fcn\u00fc G\u00f6r <i class=\"klbth-icon-arrow-right-long\"><\/i><\/a><\/div><div class=\"klbth-module-body\"><div class=\"blog-posts\"><div class=\"post\"><div class=\"entry-media\"><div class=\"entry-categories\"><a href=\"https:\/\/www.marinser.com\/?p=807\">Marinser<\/a><\/div><a href=\"https:\/\/www.marinser.com\/?p=807\"><img decoding=\"async\" src=\"https:\/\/www.marinser.com\/wp-content\/uploads\/2022\/10\/blog-04-384x287.jpg\" alt=\"Webasto Tekne Is\u0131t\u0131c\u0131 Bak\u0131m\u0131 ve Ar\u0131za \u00d6nleme Y\u00f6ntemleri | Marinser\"\/><\/a><\/div><div class=\"entry-wrapper\"> <div class=\"entry-published\"> <a href=\"https:\/\/www.marinser.com\/?p=807\">13 Oct 2022<\/a><\/div><div class=\"entry-title\"> <a href=\"https:\/\/www.marinser.com\/?p=807\">Webasto Tekne Is\u0131t\u0131c\u0131 Bak\u0131m\u0131 ve Ar\u0131za \u00d6nleme Y\u00f6ntemleri | Marinser<\/a><\/div><div class=\"entry-excerpt\"><p>So\u011fuk havalarda konforlu bir tekne ya\u015fam\u0131 i\u00e7in en kritik bile\u015fenlerden biri marin \u0131s\u0131tma sistemidir.<\/p><\/div><div class=\"entry-meta\"><div class=\"meta-item\"> <span>author <\/span><a class=\"author\" href=\"https:\/\/www.marinser.com\/?p=807\"> <span>by <\/span>foeadm<\/a><\/div><div class=\"meta-item\"> <span>comment <\/span><a href=\"https:\/\/www.marinser.com\/?p=807\">0 comment<\/a><\/div><\/div><\/div><\/div><div class=\"post\"><div class=\"entry-media\"><div class=\"entry-categories\"><a href=\"https:\/\/www.marinser.com\/?p=805\">Marinser<\/a><\/div><a href=\"https:\/\/www.marinser.com\/?p=805\"><img decoding=\"async\" src=\"https:\/\/www.marinser.com\/wp-content\/uploads\/2022\/10\/blog-03-384x287.jpg\" alt=\"Tekne Elektrik Servisi ve Yedek Par\u00e7a Se\u00e7imi Nas\u0131l Yap\u0131lmal\u0131? | Marinser\"\/><\/a><\/div><div class=\"entry-wrapper\"> <div class=\"entry-published\"> <a href=\"https:\/\/www.marinser.com\/?p=805\">13 Oct 2022<\/a><\/div><div class=\"entry-title\"> <a href=\"https:\/\/www.marinser.com\/?p=805\">Tekne Elektrik Servisi ve Yedek Par\u00e7a Se\u00e7imi Nas\u0131l Yap\u0131lmal\u0131? | Marinser<\/a><\/div><div class=\"entry-excerpt\"><p>Teknelerdeki elektrik sistemleri, konforun ve g\u00fcvenli\u011fin temel yap\u0131 ta\u015flar\u0131ndan biridir. Seyir esnas\u0131nda ar\u0131za yapan<\/p><\/div><div class=\"entry-meta\"><div class=\"meta-item\"> <span>author <\/span><a class=\"author\" href=\"https:\/\/www.marinser.com\/?p=805\"> <span>by <\/span>foeadm<\/a><\/div><div class=\"meta-item\"> <span>comment <\/span><a href=\"https:\/\/www.marinser.com\/?p=805\">0 comment<\/a><\/div><\/div><\/div><\/div><div class=\"post\"><div class=\"entry-media\"><div class=\"entry-categories\"><a href=\"https:\/\/www.marinser.com\/?p=800\">Marinser<\/a><\/div><a href=\"https:\/\/www.marinser.com\/?p=800\"><img decoding=\"async\" src=\"https:\/\/www.marinser.com\/wp-content\/uploads\/2022\/10\/blog-02-384x287.jpg\" alt=\"Sahil Besleme Hatalar\u0131 ve Onar\u0131m Rehberi | Marinser\"\/><\/a><\/div><div class=\"entry-wrapper\"> <div class=\"entry-published\"> <a href=\"https:\/\/www.marinser.com\/?p=800\">13 Oct 2022<\/a><\/div><div class=\"entry-title\"> <a href=\"https:\/\/www.marinser.com\/?p=800\">Sahil Besleme Hatalar\u0131 ve Onar\u0131m Rehberi | Marinser<\/a><\/div><div class=\"entry-excerpt\"><p>Teknelerde sahil besleme sistemleri, marina ba\u011flant\u0131lar\u0131nda temel elektrik ihtiya\u00e7lar\u0131n\u0131 kar\u015f\u0131layan kritik altyap\u0131lard\u0131r. Ancak zamanla<\/p><\/div><div class=\"entry-meta\"><div class=\"meta-item\"> <span>author <\/span><a class=\"author\" href=\"https:\/\/www.marinser.com\/?p=800\"> <span>by <\/span>foeadm<\/a><\/div><div class=\"meta-item\"> <span>comment <\/span><a href=\"https:\/\/www.marinser.com\/?p=800\">0 comment<\/a><\/div><\/div><\/div><\/div><div class=\"col-12\"><\/div><\/div><\/div><\/div>\t\t\t\t<\/div>\n\t\t\t\t<\/div>\n\t\t\t\t\t<\/div>\n\t\t<\/div>\n\t\t\t\t\t<\/div>\n\t\t<\/section>\n\t\t\t\t<section class=\"elementor-section elementor-top-section elementor-element elementor-element-2f32dc7 elementor-section-boxed elementor-section-height-default elementor-section-height-default\" data-id=\"2f32dc7\" data-element_type=\"section\">\n\t\t\t\t\t\t<div class=\"elementor-container elementor-column-gap-extended\">\n\t\t\t\t\t<div class=\"elementor-column elementor-col-100 elementor-top-column elementor-element elementor-element-a3d8b41\" data-id=\"a3d8b41\" data-element_type=\"column\">\n\t\t\t<div class=\"elementor-widget-wrap elementor-element-populated\">\n\t\t\t\t\t\t<div class=\"elementor-element elementor-element-dec2c0e elementor-widget-divider--view-line elementor-widget elementor-widget-divider\" data-id=\"dec2c0e\" data-element_type=\"widget\" data-widget_type=\"divider.default\">\n\t\t\t\t<div class=\"elementor-widget-container\">\n\t\t\t\t\t\t\t<div class=\"elementor-divider\">\n\t\t\t<span class=\"elementor-divider-separator\">\n\t\t\t\t\t\t<\/span>\n\t\t<\/div>\n\t\t\t\t\t\t<\/div>\n\t\t\t\t<\/div>\n\t\t\t\t\t<\/div>\n\t\t<\/div>\n\t\t\t\t\t<\/div>\n\t\t<\/section>\n\t\t\t\t<section class=\"elementor-section elementor-top-section elementor-element elementor-element-5142773 elementor-section-boxed elementor-section-height-default elementor-section-height-default\" data-id=\"5142773\" data-element_type=\"section\">\n\t\t\t\t\t\t<div class=\"elementor-container elementor-column-gap-extended\">\n\t\t\t\t\t<div class=\"elementor-column elementor-col-100 elementor-top-column elementor-element elementor-element-755bb8d\" data-id=\"755bb8d\" data-element_type=\"column\">\n\t\t\t<div class=\"elementor-widget-wrap elementor-element-populated\">\n\t\t\t\t\t\t<div class=\"elementor-element elementor-element-e6123e4 elementor-widget elementor-widget-partdo-custom-title\" data-id=\"e6123e4\" data-element_type=\"widget\" data-widget_type=\"partdo-custom-title.default\">\n\t\t\t\t<div class=\"elementor-widget-container\">\n\t\t\t\t\t<div class=\"klb-custom-title klbth-module-header without-border color-default counter-deactive align-center\"><h3 class=\"entry-title\">M\u00fc\u015fterilerimizden Gelen Yorumlar<\/h3><div class=\"entry-description\"><p>Marinser olarak Fethiye&#039;de tekne ve yat sahiplerine sundu\u011fumuz teknik servis, bak\u0131m, onar\u0131m ve yedek par\u00e7a hizmetlerimizle m\u00fc\u015fteri memnuniyetini \u00f6n planda tutuyoruz.\nGer\u00e7ek kullan\u0131c\u0131 yorumlar\u0131yla hizmet kalitemizi ke\u015ffedin, siz de g\u00fcvenle tercih edin.<\/p><\/div><\/div>\t\t\t\t<\/div>\n\t\t\t\t<\/div>\n\t\t\t\t\t<\/div>\n\t\t<\/div>\n\t\t\t\t\t<\/div>\n\t\t<\/section>\n\t\t\t\t<section class=\"elementor-section elementor-top-section elementor-element elementor-element-4829821 elementor-section-boxed elementor-section-height-default elementor-section-height-default\" data-id=\"4829821\" data-element_type=\"section\">\n\t\t\t\t\t\t<div class=\"elementor-container elementor-column-gap-extended\">\n\t\t\t\t\t<div class=\"elementor-column elementor-col-100 elementor-top-column elementor-element elementor-element-ff9e61c\" data-id=\"ff9e61c\" data-element_type=\"column\">\n\t\t\t<div class=\"elementor-widget-wrap elementor-element-populated\">\n\t\t\t\t\t\t<div class=\"elementor-element elementor-element-8790924 elementor-widget elementor-widget-partdo-testimonial-carousel\" data-id=\"8790924\" data-element_type=\"widget\" data-widget_type=\"partdo-testimonial-carousel.default\">\n\t\t\t\t<div class=\"elementor-widget-container\">\n\t\t\t\t\t<div class=\"klbth-module klbth-module-testimonial style-1\"><div class=\"klbth-module-body\"><div class=\"klbth-slider-wrapper\"> <div class=\"klbth-slider-loader\"><div class=\"klbth-loader size-md color-primary border-sm\"><\/div><\/div><div class=\"klbth-slider\" data-items=\"3\" data-mobileitems=\"1\" data-tabletitems=\"2\" data-arrows=\"\" data-dots=\"\" data-autoplay=\"true\" data-autospeed=\"1600\"><div class=\"slider-item testimonial\"><div class=\"testimonial-inner\"><div class=\"customer-avatar\"> <img decoding=\"async\" src=\"https:\/\/klbtheme.com\/partdo\/wp-content\/uploads\/2022\/11\/avatar-01.jpg\" alt=\"Testimonial\"\/><\/div><div class=\"customer-detail\"> <div class=\"stars\"> <i class=\"klbth-icon-star\"><\/i><i class=\"klbth-icon-star\"><\/i><i class=\"klbth-icon-star\"><\/i><i class=\"klbth-icon-star\"><\/i><i class=\"klbth-icon-star\"><\/i><\/div><div class=\"customer-name\">Ahmet T.<\/div><div class=\"customer-mission\">Fethiye<\/div><div class=\"customer-description\"> <p>Yedek par\u00e7a temininde h\u0131zl\u0131 ve do\u011fru \u00e7\u00f6z\u00fcmler sundular. \u00dcstelik montaj hizmeti de olduk\u00e7a ba\u015far\u0131l\u0131yd\u0131. Kesinlikle tekrar \u00e7al\u0131\u015fmak isterim. <\/p><\/div><\/div><\/div><\/div><div class=\"slider-item testimonial\"><div class=\"testimonial-inner\"><div class=\"customer-avatar\"> <img decoding=\"async\" src=\"https:\/\/klbtheme.com\/partdo\/wp-content\/uploads\/2022\/10\/avatar-02.jpg\" alt=\"Testimonial\"\/><\/div><div class=\"customer-detail\"> <div class=\"stars\"> <i class=\"klbth-icon-star\"><\/i><i class=\"klbth-icon-star\"><\/i><i class=\"klbth-icon-star\"><\/i><i class=\"klbth-icon-star\"><\/i><i class=\"klbth-icon-star\"><\/i><\/div><div class=\"customer-name\">Elif S.<\/div><div class=\"customer-mission\">G\u00f6cek<\/div><div class=\"customer-description\"> <p>Teknemin elektrik sisteminde ya\u015fad\u0131\u011f\u0131m sorunu h\u0131zl\u0131ca \u00e7\u00f6zd\u00fcler. Hem zaman\u0131nda geldiler hem de \u00e7ok profesyonel davrand\u0131lar. Marinser&#039;e g\u00f6n\u00fcl rahatl\u0131\u011f\u0131yla g\u00fcvenebilirsiniz. <\/p><\/div><\/div><\/div><\/div><div class=\"slider-item testimonial\"><div class=\"testimonial-inner\"><div class=\"customer-avatar\"> <img decoding=\"async\" src=\"https:\/\/klbtheme.com\/partdo\/wp-content\/uploads\/2022\/10\/avatar-03.jpg\" alt=\"Testimonial\"\/><\/div><div class=\"customer-detail\"> <div class=\"stars\"> <i class=\"klbth-icon-star\"><\/i><i class=\"klbth-icon-star\"><\/i><i class=\"klbth-icon-star\"><\/i><i class=\"klbth-icon-star\"><\/i><i class=\"klbth-icon-star\"><\/i><\/div><div class=\"customer-name\">Mehmet B.<\/div><div class=\"customer-mission\">Marmaris<\/div><div class=\"customer-description\"> <p>Motor bak\u0131m\u0131 i\u00e7in ba\u015fvurdum, hem fiyat a\u00e7\u0131s\u0131ndan uygundu hem de detayl\u0131 bilgilendirme yapt\u0131lar. M\u00fc\u015fteri ili\u015fkileri \u00e7ok g\u00fc\u00e7l\u00fc, herkese tavsiye ederim. <\/p><\/div><\/div><\/div><\/div><\/div><\/div><\/div><\/div>\t\t\t\t<\/div>\n\t\t\t\t<\/div>\n\t\t\t\t\t<\/div>\n\t\t<\/div>\n\t\t\t\t\t<\/div>\n\t\t<\/section>\n\t\t\t\t<\/div>\n\t\t","protected":false},"excerpt":{"rendered":"<p>Marinser | Tekneniz \u0130\u00e7in Profesyonel Teknik Servis Hizmeti Fethiye\u2019de Tekne Bak\u0131m\u0131 ve Teknik Destek Marinser, Fethiye ve \u00e7evresinde tekne, yat ve deniz ara\u00e7lar\u0131na \u00f6zel bak\u0131m, onar\u0131m ve elektrik sistemleri konusunda uzman teknik servis hizmeti sunar. \u00dcr\u00fcnlere G\u00f6z At\u0131n Marinser | Marin Elektrik Sistemlerinde Uzmanl\u0131k Marin Elektrik Sistemlerinde Uzman \u00c7\u00f6z\u00fcm Orta\u011f\u0131n\u0131z Ak\u00fc de\u011fi\u015fimi, elektrik ar\u0131zalar\u0131 ve<\/p>\n<div class=\"klb-readmore button\"><a class=\"btn link\" href=\"https:\/\/www.marinser.com\/?p=800\">Read More <i class=\"klbth-icon-right-arrow\"><\/i><\/a><\/div>\n","protected":false},"author":1,"featured_media":0,"parent":0,"menu_order":0,"comment_status":"closed","ping_status":"closed","template":"","meta":{"_eb_attr":"","footnotes":""},"class_list":["post-40","page","type-page","status-publish","hentry"],"aioseo_notices":[],"_links":{"self":[{"href":"https:\/\/www.marinser.com\/index.php?rest_route=\/wp\/v2\/pages\/40","targetHints":{"allow":["GET"]}}],"collection":[{"href":"https:\/\/www.marinser.com\/index.php?rest_route=\/wp\/v2\/pages"}],"about":[{"href":"https:\/\/www.marinser.com\/index.php?rest_route=\/wp\/v2\/types\/page"}],"author":[{"embeddable":true,"href":"https:\/\/www.marinser.com\/index.php?rest_route=\/wp\/v2\/users\/1"}],"replies":[{"embeddable":true,"href":"https:\/\/www.marinser.com\/index.php?rest_route=%2Fwp%2Fv2%2Fcomments&post=40"}],"version-history":[{"count":39,"href":"https:\/\/www.marinser.com\/index.php?rest_route=\/wp\/v2\/pages\/40\/revisions"}],"predecessor-version":[{"id":4686,"href":"https:\/\/www.marinser.com\/index.php?rest_route=\/wp\/v2\/pages\/40\/revisions\/4686"}],"wp:attachment":[{"href":"https:\/\/www.marinser.com\/index.php?rest_route=%2Fwp%2Fv2%2Fmedia&parent=40"}],"curies":[{"name":"wp","href":"https:\/\/api.w.org\/{rel}","templated":true}]}}